{"id":16,"date":"2019-11-11T09:34:39","date_gmt":"2019-11-11T09:34:39","guid":{"rendered":"https:\/\/menuiserie-ferreira.com\/?page_id=16"},"modified":"2021-09-17T11:45:48","modified_gmt":"2021-09-17T11:45:48","slug":"portes-dentree","status":"publish","type":"page","link":"https:\/\/menuiserie-ferreira.com\/?page_id=16","title":{"rendered":"Portes d&rsquo;entr\u00e9e"},"content":{"rendered":"\n<p>\nla porte d&rsquo;entr\u00e9e donne un vrai cachet \u00e0 votre maison . Les machines et \nla flexibilit\u00e9 du travail artisanal permettent de copier des mod\u00e8ls ou \nde cr\u00e9er des r\u00e9alisations qui s&rsquo;accordent \u00e0 l&rsquo;architecture de votre \ndemeure , tout en respectant les contraintes accoustiques et thermiques \n\n<\/p>\n\n\n\n<p> <\/p>\n\n\n\n<figure class=\"wp-block-image is-resized\"><img loading=\"lazy\" decoding=\"async\" src=\"https:\/\/menuiserie-ferreira.com\/wp-content\/uploads\/2019\/11\/20170206_163138-e1573464782693-768x1024.jpg\" alt=\"\" class=\"wp-image-17\" width=\"430\" height=\"572\" srcset=\"https:\/\/menuiserie-ferreira.com\/wp-content\/uploads\/2019\/11\/20170206_163138-e1573464782693-768x1024.jpg 768w, https:\/\/menuiserie-ferreira.com\/wp-content\/uploads\/2019\/11\/20170206_163138-e1573464782693-225x300.jpg 225w, https:\/\/menuiserie-ferreira.com\/wp-content\/uploads\/2019\/11\/20170206_163138-e1573464782693.jpg 1920w\" sizes=\"auto, (max-width: 430px) 100vw, 430px\" \/><figcaption>Porte avec panneau grav\u00e9<\/figcaption><\/figure>\n\n\n\n<figure class=\"wp-block-gallery columns-3 is-cropped wp-block-gallery-1 is-layout-flex wp-block-gallery-is-layout-flex\"><ul class=\"blocks-gallery-grid\"><li class=\"blocks-gallery-item\"><figure><a href=\"https:\/\/menuiserie-ferreira.com\/wp-content\/uploads\/2019\/11\/20180212_170122-1-e1573465463561.jpg\"><img loading=\"lazy\" decoding=\"async\" width=\"768\" height=\"1024\" src=\"https:\/\/menuiserie-ferreira.com\/wp-content\/uploads\/2019\/11\/20180212_170122-1-e1573465463561-768x1024.jpg\" alt=\"\" data-id=\"29\" data-full-url=\"https:\/\/menuiserie-ferreira.com\/wp-content\/uploads\/2019\/11\/20180212_170122-1-e1573465463561.jpg\" data-link=\"https:\/\/menuiserie-ferreira.com\/?attachment_id=29\" class=\"wp-image-29\" srcset=\"https:\/\/menuiserie-ferreira.com\/wp-content\/uploads\/2019\/11\/20180212_170122-1-e1573465463561-768x1024.jpg 768w, https:\/\/menuiserie-ferreira.com\/wp-content\/uploads\/2019\/11\/20180212_170122-1-e1573465463561-225x300.jpg 225w, https:\/\/menuiserie-ferreira.com\/wp-content\/uploads\/2019\/11\/20180212_170122-1-e1573465463561.jpg 1920w\" sizes=\"auto, (max-width: 767px) 89vw, (max-width: 1000px) 54vw, (max-width: 1071px) 543px, 580px\" \/><\/a><figcaption class=\"blocks-gallery-item__caption\">grande porte cintr\u00e9e a deux vantaux , panneaux pleins rainur\u00e9s avec \u00e2me m\u00e9tallique au milieu<\/figcaption><\/figure><\/li><li class=\"blocks-gallery-item\"><figure><a href=\"https:\/\/menuiserie-ferreira.com\/wp-content\/uploads\/2019\/11\/20160509_160436-e1576426650166.jpg\"><img loading=\"lazy\" decoding=\"async\" width=\"768\" height=\"1024\" src=\"https:\/\/menuiserie-ferreira.com\/wp-content\/uploads\/2019\/11\/20160509_160436-e1576426650166-768x1024.jpg\" alt=\"\" data-id=\"88\" data-full-url=\"https:\/\/menuiserie-ferreira.com\/wp-content\/uploads\/2019\/11\/20160509_160436-e1576426650166.jpg\" data-link=\"https:\/\/menuiserie-ferreira.com\/?attachment_id=88\" class=\"wp-image-88\" srcset=\"https:\/\/menuiserie-ferreira.com\/wp-content\/uploads\/2019\/11\/20160509_160436-e1576426650166-768x1024.jpg 768w, https:\/\/menuiserie-ferreira.com\/wp-content\/uploads\/2019\/11\/20160509_160436-e1576426650166-225x300.jpg 225w, https:\/\/menuiserie-ferreira.com\/wp-content\/uploads\/2019\/11\/20160509_160436-e1576426650166.jpg 1920w\" sizes=\"auto, (max-width: 767px) 89vw, (max-width: 1000px) 54vw, (max-width: 1071px) 543px, 580px\" \/><\/a><figcaption class=\"blocks-gallery-item__caption\">porte a deux vantaux en ch\u00eane avec vitrage et panneaux grav\u00e9s<\/figcaption><\/figure><\/li><li class=\"blocks-gallery-item\"><figure><a href=\"https:\/\/menuiserie-ferreira.com\/wp-content\/uploads\/2019\/11\/20161123_143755-e1576426791156.jpg\"><img loading=\"lazy\" decoding=\"async\" width=\"768\" height=\"1024\" src=\"https:\/\/menuiserie-ferreira.com\/wp-content\/uploads\/2019\/11\/20161123_143755-e1576426791156-768x1024.jpg\" alt=\"\" data-id=\"86\" data-full-url=\"https:\/\/menuiserie-ferreira.com\/wp-content\/uploads\/2019\/11\/20161123_143755-e1576426791156.jpg\" data-link=\"https:\/\/menuiserie-ferreira.com\/?attachment_id=86\" class=\"wp-image-86\" srcset=\"https:\/\/menuiserie-ferreira.com\/wp-content\/uploads\/2019\/11\/20161123_143755-e1576426791156-768x1024.jpg 768w, https:\/\/menuiserie-ferreira.com\/wp-content\/uploads\/2019\/11\/20161123_143755-e1576426791156-225x300.jpg 225w, https:\/\/menuiserie-ferreira.com\/wp-content\/uploads\/2019\/11\/20161123_143755-e1576426791156.jpg 1920w\" sizes=\"auto, (max-width: 767px) 89vw, (max-width: 1000px) 54vw, (max-width: 1071px) 543px, 580px\" \/><\/a><figcaption class=\"blocks-gallery-item__caption\">porte en ch\u00eane avec grille exterieur<\/figcaption><\/figure><\/li><li class=\"blocks-gallery-item\"><figure><a href=\"https:\/\/menuiserie-ferreira.com\/wp-content\/uploads\/2020\/01\/izeaux-avant-rotated.jpg\"><img loading=\"lazy\" decoding=\"async\" width=\"576\" height=\"1024\" src=\"https:\/\/menuiserie-ferreira.com\/wp-content\/uploads\/2020\/01\/izeaux-avant-576x1024.jpg\" alt=\"\" data-id=\"126\" data-full-url=\"https:\/\/menuiserie-ferreira.com\/wp-content\/uploads\/2020\/01\/izeaux-avant-rotated.jpg\" data-link=\"https:\/\/menuiserie-ferreira.com\/?attachment_id=126\" class=\"wp-image-126\" srcset=\"https:\/\/menuiserie-ferreira.com\/wp-content\/uploads\/2020\/01\/izeaux-avant-576x1024.jpg 576w, https:\/\/menuiserie-ferreira.com\/wp-content\/uploads\/2020\/01\/izeaux-avant-169x300.jpg 169w, https:\/\/menuiserie-ferreira.com\/wp-content\/uploads\/2020\/01\/izeaux-avant-rotated.jpg 720w\" sizes=\"auto, (max-width: 576px) 100vw, 576px\" \/><\/a><figcaption class=\"blocks-gallery-item__caption\">vieille porte avant d\u00e9montage<\/figcaption><\/figure><\/li><li class=\"blocks-gallery-item\"><figure><a href=\"https:\/\/menuiserie-ferreira.com\/wp-content\/uploads\/2020\/01\/izeaux-apr\u00e8s-rotated.jpg\"><img loading=\"lazy\" decoding=\"async\" width=\"768\" height=\"1024\" src=\"https:\/\/menuiserie-ferreira.com\/wp-content\/uploads\/2020\/01\/izeaux-apr\u00e8s-768x1024.jpg\" alt=\"\" data-id=\"125\" data-full-url=\"https:\/\/menuiserie-ferreira.com\/wp-content\/uploads\/2020\/01\/izeaux-apr\u00e8s-rotated.jpg\" data-link=\"https:\/\/menuiserie-ferreira.com\/?attachment_id=125\" class=\"wp-image-125\" srcset=\"https:\/\/menuiserie-ferreira.com\/wp-content\/uploads\/2020\/01\/izeaux-apr\u00e8s-768x1024.jpg 768w, https:\/\/menuiserie-ferreira.com\/wp-content\/uploads\/2020\/01\/izeaux-apr\u00e8s-225x300.jpg 225w, https:\/\/menuiserie-ferreira.com\/wp-content\/uploads\/2020\/01\/izeaux-apr\u00e8s-1152x1536.jpg 1152w, https:\/\/menuiserie-ferreira.com\/wp-content\/uploads\/2020\/01\/izeaux-apr\u00e8s-1536x2048.jpg 1536w, https:\/\/menuiserie-ferreira.com\/wp-content\/uploads\/2020\/01\/izeaux-apr\u00e8s-rotated.jpg 1920w\" sizes=\"auto, (max-width: 767px) 89vw, (max-width: 1000px) 54vw, (max-width: 1071px) 543px, 580px\" \/><\/a><figcaption class=\"blocks-gallery-item__caption\">nouvelle porte refaite a l&rsquo;identique<\/figcaption><\/figure><\/li><li class=\"blocks-gallery-item\"><figure><a href=\"https:\/\/menuiserie-ferreira.com\/wp-content\/uploads\/2020\/01\/porte-entr\u00e9e-2-vantaux-rotated.jpg\"><img loading=\"lazy\" decoding=\"async\" width=\"768\" height=\"1024\" src=\"https:\/\/menuiserie-ferreira.com\/wp-content\/uploads\/2020\/01\/porte-entr\u00e9e-2-vantaux-768x1024.jpg\" alt=\"\" data-id=\"142\" data-full-url=\"https:\/\/menuiserie-ferreira.com\/wp-content\/uploads\/2020\/01\/porte-entr\u00e9e-2-vantaux-rotated.jpg\" data-link=\"https:\/\/menuiserie-ferreira.com\/?attachment_id=142\" class=\"wp-image-142\" srcset=\"https:\/\/menuiserie-ferreira.com\/wp-content\/uploads\/2020\/01\/porte-entr\u00e9e-2-vantaux-768x1024.jpg 768w, https:\/\/menuiserie-ferreira.com\/wp-content\/uploads\/2020\/01\/porte-entr\u00e9e-2-vantaux-225x300.jpg 225w, https:\/\/menuiserie-ferreira.com\/wp-content\/uploads\/2020\/01\/porte-entr\u00e9e-2-vantaux-1152x1536.jpg 1152w, https:\/\/menuiserie-ferreira.com\/wp-content\/uploads\/2020\/01\/porte-entr\u00e9e-2-vantaux-rotated.jpg 1224w\" sizes=\"auto, (max-width: 767px) 89vw, (max-width: 1000px) 54vw, (max-width: 1071px) 543px, 580px\" \/><\/a><\/figure><\/li><li class=\"blocks-gallery-item\"><figure><a href=\"https:\/\/menuiserie-ferreira.com\/wp-content\/uploads\/2020\/01\/DSC_0327-rotated.jpg\"><img loading=\"lazy\" decoding=\"async\" width=\"768\" height=\"1024\" src=\"https:\/\/menuiserie-ferreira.com\/wp-content\/uploads\/2020\/01\/DSC_0327-768x1024.jpg\" alt=\"\" data-id=\"143\" data-full-url=\"https:\/\/menuiserie-ferreira.com\/wp-content\/uploads\/2020\/01\/DSC_0327-rotated.jpg\" data-link=\"https:\/\/menuiserie-ferreira.com\/?attachment_id=143\" class=\"wp-image-143\" srcset=\"https:\/\/menuiserie-ferreira.com\/wp-content\/uploads\/2020\/01\/DSC_0327-768x1024.jpg 768w, https:\/\/menuiserie-ferreira.com\/wp-content\/uploads\/2020\/01\/DSC_0327-225x300.jpg 225w, https:\/\/menuiserie-ferreira.com\/wp-content\/uploads\/2020\/01\/DSC_0327-1152x1536.jpg 1152w, https:\/\/menuiserie-ferreira.com\/wp-content\/uploads\/2020\/01\/DSC_0327-rotated.jpg 1224w\" sizes=\"auto, (max-width: 767px) 89vw, (max-width: 1000px) 54vw, (max-width: 1071px) 543px, 580px\" \/><\/a><figcaption class=\"blocks-gallery-item__caption\">porte a 4 panneaux et partie haute vitr\u00e9e pour apporter de la lumi\u00e8re<\/figcaption><\/figure><\/li><li class=\"blocks-gallery-item\"><figure><a href=\"https:\/\/menuiserie-ferreira.com\/wp-content\/uploads\/2020\/01\/DSC_0346-rotated.jpg\"><img loading=\"lazy\" decoding=\"async\" width=\"768\" height=\"1024\" src=\"https:\/\/menuiserie-ferreira.com\/wp-content\/uploads\/2020\/01\/DSC_0346-768x1024.jpg\" alt=\"\" data-id=\"146\" data-full-url=\"https:\/\/menuiserie-ferreira.com\/wp-content\/uploads\/2020\/01\/DSC_0346-rotated.jpg\" data-link=\"https:\/\/menuiserie-ferreira.com\/?attachment_id=146\" class=\"wp-image-146\" srcset=\"https:\/\/menuiserie-ferreira.com\/wp-content\/uploads\/2020\/01\/DSC_0346-768x1024.jpg 768w, https:\/\/menuiserie-ferreira.com\/wp-content\/uploads\/2020\/01\/DSC_0346-225x300.jpg 225w, https:\/\/menuiserie-ferreira.com\/wp-content\/uploads\/2020\/01\/DSC_0346-1152x1536.jpg 1152w, https:\/\/menuiserie-ferreira.com\/wp-content\/uploads\/2020\/01\/DSC_0346-rotated.jpg 1224w\" sizes=\"auto, (max-width: 767px) 89vw, (max-width: 1000px) 54vw, (max-width: 1071px) 543px, 580px\" \/><\/a><figcaption class=\"blocks-gallery-item__caption\">porte avec c\u00f4t\u00e9 fixe vitr\u00e9 <\/figcaption><\/figure><\/li><\/ul><\/figure>\n\n\n\n<figure class=\"wp-block-image size-large\"><img loading=\"lazy\" decoding=\"async\" width=\"768\" height=\"1024\" src=\"https:\/\/menuiserie-ferreira.com\/wp-content\/uploads\/2020\/02\/DSC_0379-768x1024.jpg\" alt=\"\" class=\"wp-image-175\" srcset=\"https:\/\/menuiserie-ferreira.com\/wp-content\/uploads\/2020\/02\/DSC_0379-768x1024.jpg 768w, https:\/\/menuiserie-ferreira.com\/wp-content\/uploads\/2020\/02\/DSC_0379-225x300.jpg 225w, https:\/\/menuiserie-ferreira.com\/wp-content\/uploads\/2020\/02\/DSC_0379-1152x1536.jpg 1152w, https:\/\/menuiserie-ferreira.com\/wp-content\/uploads\/2020\/02\/DSC_0379-rotated.jpg 1224w\" sizes=\"auto, (max-width: 767px) 89vw, (max-width: 1000px) 54vw, (max-width: 1071px) 543px, 580px\" \/><figcaption>grande porte d&rsquo;entr\u00e9e en ch\u00eane avec deux fixes par c\u00f4t\u00e9 et imposte haute<\/figcaption><\/figure>\n\n\n\n<p><\/p>\n","protected":false},"excerpt":{"rendered":"<p>la porte d&rsquo;entr\u00e9e donne un vrai cachet \u00e0 votre maison . Les machines et la flexibilit\u00e9 du travail artisanal permettent de copier des mod\u00e8ls ou de cr\u00e9er des r\u00e9alisations qui s&rsquo;accordent \u00e0 l&rsquo;architecture de votre demeure , tout en respectant les contraintes accoustiques et thermiques<\/p>\n","protected":false},"author":1,"featured_media":0,"parent":0,"menu_order":0,"comment_status":"closed","ping_status":"closed","template":"","meta":{"footnotes":""},"class_list":["post-16","page","type-page","status-publish","hentry"],"_links":{"self":[{"href":"https:\/\/menuiserie-ferreira.com\/index.php?rest_route=\/wp\/v2\/pages\/16","targetHints":{"allow":["GET"]}}],"collection":[{"href":"https:\/\/menuiserie-ferreira.com\/index.php?rest_route=\/wp\/v2\/pages"}],"about":[{"href":"https:\/\/menuiserie-ferreira.com\/index.php?rest_route=\/wp\/v2\/types\/page"}],"author":[{"embeddable":true,"href":"https:\/\/menuiserie-ferreira.com\/index.php?rest_route=\/wp\/v2\/users\/1"}],"replies":[{"embeddable":true,"href":"https:\/\/menuiserie-ferreira.com\/index.php?rest_route=%2Fwp%2Fv2%2Fcomments&post=16"}],"version-history":[{"count":10,"href":"https:\/\/menuiserie-ferreira.com\/index.php?rest_route=\/wp\/v2\/pages\/16\/revisions"}],"predecessor-version":[{"id":276,"href":"https:\/\/menuiserie-ferreira.com\/index.php?rest_route=\/wp\/v2\/pages\/16\/revisions\/276"}],"wp:attachment":[{"href":"https:\/\/menuiserie-ferreira.com\/index.php?rest_route=%2Fwp%2Fv2%2Fmedia&parent=16"}],"curies":[{"name":"wp","href":"https:\/\/api.w.org\/{rel}","templated":true}]}}