{"id":212,"date":"2021-08-30T12:41:23","date_gmt":"2021-08-30T12:41:23","guid":{"rendered":"https:\/\/menuiserie-ferreira.com\/?page_id=212"},"modified":"2021-09-17T11:44:40","modified_gmt":"2021-09-17T11:44:40","slug":"212-2","status":"publish","type":"page","link":"https:\/\/menuiserie-ferreira.com\/?page_id=212","title":{"rendered":"planches a d\u00e9couper"},"content":{"rendered":"\n<p>les billots , planches \u00e0 d\u00e9couper ou de pr\u00e9sentation  sont r\u00e9alis\u00e9s en bois de bout ( sens du bois vertical ) , avec cette technique les couteaux gardent leur tranchant et le tanin du bois repousse les impuret\u00e9s bact\u00e9riennes lorsque les fibres se referment<br>d&rsquo;environ 40x<em>30x<\/em>4cm d&rsquo;\u00e9paisseur , certaines peuvent \u00eatre fabriqu\u00e9es sur mesure<br>les bois sont locaux et sci\u00e9s sur place : h\u00eatre , \u00e9rable , ch\u00eane , fr\u00eane , merisier et noyer , assembl\u00e9s avec colle pour contact alimentaire , finition \u00e0 l&rsquo;huile , les patins anti bact\u00e9rien assurent la bonne stabilit\u00e9<\/p>\n\n\n\n<div class=\"wp-block-group\"><div class=\"wp-block-group__inner-container is-layout-flow wp-block-group-is-layout-flow\">\n<div class=\"wp-block-columns is-layout-flex wp-container-core-columns-is-layout-9d6595d7 wp-block-columns-is-layout-flex\">\n<div class=\"wp-block-column is-layout-flow wp-block-column-is-layout-flow\" style=\"flex-basis:100%\">\n<figure class=\"wp-block-gallery columns-3 is-cropped wp-block-gallery-1 is-layout-flex wp-block-gallery-is-layout-flex\"><ul class=\"blocks-gallery-grid\"><li class=\"blocks-gallery-item\"><figure><a href=\"https:\/\/menuiserie-ferreira.com\/wp-content\/uploads\/2021\/08\/chaotique-1-1024x768.jpg\"><img loading=\"lazy\" decoding=\"async\" width=\"1024\" height=\"768\" src=\"https:\/\/menuiserie-ferreira.com\/wp-content\/uploads\/2021\/08\/chaotique-1-1024x768.jpg\" alt=\"\" data-id=\"241\" data-link=\"https:\/\/menuiserie-ferreira.com\/?attachment_id=241\" class=\"wp-image-241\" srcset=\"https:\/\/menuiserie-ferreira.com\/wp-content\/uploads\/2021\/08\/chaotique-1-1024x768.jpg 1024w, https:\/\/menuiserie-ferreira.com\/wp-content\/uploads\/2021\/08\/chaotique-1-300x225.jpg 300w, https:\/\/menuiserie-ferreira.com\/wp-content\/uploads\/2021\/08\/chaotique-1-768x576.jpg 768w, https:\/\/menuiserie-ferreira.com\/wp-content\/uploads\/2021\/08\/chaotique-1-1536x1152.jpg 1536w, https:\/\/menuiserie-ferreira.com\/wp-content\/uploads\/2021\/08\/chaotique-1-2048x1536.jpg 2048w\" sizes=\"auto, (max-width: 767px) 89vw, (max-width: 1000px) 54vw, (max-width: 1071px) 543px, 580px\" \/><\/a><\/figure><\/li><li class=\"blocks-gallery-item\"><figure><a href=\"https:\/\/menuiserie-ferreira.com\/wp-content\/uploads\/2021\/08\/3d-en-2-1-1024x768.jpg\"><img loading=\"lazy\" decoding=\"async\" width=\"1024\" height=\"768\" src=\"https:\/\/menuiserie-ferreira.com\/wp-content\/uploads\/2021\/08\/3d-en-2-1-1024x768.jpg\" alt=\"\" data-id=\"242\" data-link=\"https:\/\/menuiserie-ferreira.com\/?attachment_id=242\" class=\"wp-image-242\" srcset=\"https:\/\/menuiserie-ferreira.com\/wp-content\/uploads\/2021\/08\/3d-en-2-1-1024x768.jpg 1024w, https:\/\/menuiserie-ferreira.com\/wp-content\/uploads\/2021\/08\/3d-en-2-1-300x225.jpg 300w, https:\/\/menuiserie-ferreira.com\/wp-content\/uploads\/2021\/08\/3d-en-2-1-768x576.jpg 768w, https:\/\/menuiserie-ferreira.com\/wp-content\/uploads\/2021\/08\/3d-en-2-1-1536x1152.jpg 1536w, https:\/\/menuiserie-ferreira.com\/wp-content\/uploads\/2021\/08\/3d-en-2-1-2048x1536.jpg 2048w\" sizes=\"auto, (max-width: 767px) 89vw, (max-width: 1000px) 54vw, (max-width: 1071px) 543px, 580px\" \/><\/a><\/figure><\/li><li class=\"blocks-gallery-item\"><figure><a href=\"https:\/\/menuiserie-ferreira.com\/wp-content\/uploads\/2021\/08\/3d-en-4-1-1024x768.jpg\"><img loading=\"lazy\" decoding=\"async\" width=\"1024\" height=\"768\" src=\"https:\/\/menuiserie-ferreira.com\/wp-content\/uploads\/2021\/08\/3d-en-4-1-1024x768.jpg\" alt=\"\" data-id=\"243\" data-link=\"https:\/\/menuiserie-ferreira.com\/?attachment_id=243\" class=\"wp-image-243\" srcset=\"https:\/\/menuiserie-ferreira.com\/wp-content\/uploads\/2021\/08\/3d-en-4-1-1024x768.jpg 1024w, https:\/\/menuiserie-ferreira.com\/wp-content\/uploads\/2021\/08\/3d-en-4-1-300x225.jpg 300w, https:\/\/menuiserie-ferreira.com\/wp-content\/uploads\/2021\/08\/3d-en-4-1-768x576.jpg 768w, https:\/\/menuiserie-ferreira.com\/wp-content\/uploads\/2021\/08\/3d-en-4-1-1536x1152.jpg 1536w, https:\/\/menuiserie-ferreira.com\/wp-content\/uploads\/2021\/08\/3d-en-4-1-2048x1536.jpg 2048w\" sizes=\"auto, (max-width: 767px) 89vw, (max-width: 1000px) 54vw, (max-width: 1071px) 543px, 580px\" \/><\/a><\/figure><\/li><\/ul><\/figure>\n<\/div>\n<\/div>\n<\/div><\/div>\n\n\n\n<figure class=\"wp-block-gallery columns-3 is-cropped wp-block-gallery-2 is-layout-flex wp-block-gallery-is-layout-flex\"><ul class=\"blocks-gallery-grid\"><li class=\"blocks-gallery-item\"><figure><a href=\"https:\/\/menuiserie-ferreira.com\/wp-content\/uploads\/2021\/08\/carreaux-ecossais-4-scaled.jpg\"><img loading=\"lazy\" decoding=\"async\" width=\"1024\" height=\"768\" src=\"https:\/\/menuiserie-ferreira.com\/wp-content\/uploads\/2021\/08\/carreaux-ecossais-4-1024x768.jpg\" alt=\"\" data-id=\"248\" data-full-url=\"https:\/\/menuiserie-ferreira.com\/wp-content\/uploads\/2021\/08\/carreaux-ecossais-4-scaled.jpg\" data-link=\"https:\/\/menuiserie-ferreira.com\/?attachment_id=248\" class=\"wp-image-248\" srcset=\"https:\/\/menuiserie-ferreira.com\/wp-content\/uploads\/2021\/08\/carreaux-ecossais-4-1024x768.jpg 1024w, https:\/\/menuiserie-ferreira.com\/wp-content\/uploads\/2021\/08\/carreaux-ecossais-4-300x225.jpg 300w, https:\/\/menuiserie-ferreira.com\/wp-content\/uploads\/2021\/08\/carreaux-ecossais-4-768x576.jpg 768w, https:\/\/menuiserie-ferreira.com\/wp-content\/uploads\/2021\/08\/carreaux-ecossais-4-1536x1152.jpg 1536w, https:\/\/menuiserie-ferreira.com\/wp-content\/uploads\/2021\/08\/carreaux-ecossais-4-2048x1536.jpg 2048w\" sizes=\"auto, (max-width: 767px) 89vw, (max-width: 1000px) 54vw, (max-width: 1071px) 543px, 580px\" \/><\/a><\/figure><\/li><li class=\"blocks-gallery-item\"><figure><a href=\"https:\/\/menuiserie-ferreira.com\/wp-content\/uploads\/2021\/08\/damier-diagonale-1-scaled.jpg\"><img loading=\"lazy\" decoding=\"async\" width=\"1024\" height=\"768\" src=\"https:\/\/menuiserie-ferreira.com\/wp-content\/uploads\/2021\/08\/damier-diagonale-1-1024x768.jpg\" alt=\"\" data-id=\"249\" data-full-url=\"https:\/\/menuiserie-ferreira.com\/wp-content\/uploads\/2021\/08\/damier-diagonale-1-scaled.jpg\" data-link=\"https:\/\/menuiserie-ferreira.com\/?attachment_id=249\" class=\"wp-image-249\" srcset=\"https:\/\/menuiserie-ferreira.com\/wp-content\/uploads\/2021\/08\/damier-diagonale-1-1024x768.jpg 1024w, https:\/\/menuiserie-ferreira.com\/wp-content\/uploads\/2021\/08\/damier-diagonale-1-300x225.jpg 300w, https:\/\/menuiserie-ferreira.com\/wp-content\/uploads\/2021\/08\/damier-diagonale-1-768x576.jpg 768w, https:\/\/menuiserie-ferreira.com\/wp-content\/uploads\/2021\/08\/damier-diagonale-1-1536x1152.jpg 1536w, https:\/\/menuiserie-ferreira.com\/wp-content\/uploads\/2021\/08\/damier-diagonale-1-2048x1536.jpg 2048w\" sizes=\"auto, (max-width: 767px) 89vw, (max-width: 1000px) 54vw, (max-width: 1071px) 543px, 580px\" \/><\/a><\/figure><\/li><li class=\"blocks-gallery-item\"><figure><a href=\"https:\/\/menuiserie-ferreira.com\/wp-content\/uploads\/2021\/08\/damier-chaotique-1-scaled.jpg\"><img loading=\"lazy\" decoding=\"async\" width=\"1024\" height=\"768\" src=\"https:\/\/menuiserie-ferreira.com\/wp-content\/uploads\/2021\/08\/damier-chaotique-1-1024x768.jpg\" alt=\"\" data-id=\"251\" data-full-url=\"https:\/\/menuiserie-ferreira.com\/wp-content\/uploads\/2021\/08\/damier-chaotique-1-scaled.jpg\" data-link=\"https:\/\/menuiserie-ferreira.com\/?attachment_id=251\" class=\"wp-image-251\" srcset=\"https:\/\/menuiserie-ferreira.com\/wp-content\/uploads\/2021\/08\/damier-chaotique-1-1024x768.jpg 1024w, https:\/\/menuiserie-ferreira.com\/wp-content\/uploads\/2021\/08\/damier-chaotique-1-300x225.jpg 300w, https:\/\/menuiserie-ferreira.com\/wp-content\/uploads\/2021\/08\/damier-chaotique-1-768x576.jpg 768w, https:\/\/menuiserie-ferreira.com\/wp-content\/uploads\/2021\/08\/damier-chaotique-1-1536x1152.jpg 1536w, https:\/\/menuiserie-ferreira.com\/wp-content\/uploads\/2021\/08\/damier-chaotique-1-2048x1536.jpg 2048w\" sizes=\"auto, (max-width: 767px) 89vw, (max-width: 1000px) 54vw, (max-width: 1071px) 543px, 580px\" \/><\/a><\/figure><\/li><\/ul><\/figure>\n\n\n\n<figure class=\"wp-block-gallery columns-3 is-cropped wp-block-gallery-3 is-layout-flex wp-block-gallery-is-layout-flex\"><ul class=\"blocks-gallery-grid\"><li class=\"blocks-gallery-item\"><figure><a href=\"https:\/\/menuiserie-ferreira.com\/wp-content\/uploads\/2021\/08\/vague-chaotique-claire-2-scaled.jpg\"><img loading=\"lazy\" decoding=\"async\" width=\"1024\" height=\"768\" src=\"https:\/\/menuiserie-ferreira.com\/wp-content\/uploads\/2021\/08\/vague-chaotique-claire-2-1024x768.jpg\" alt=\"\" data-id=\"250\" data-full-url=\"https:\/\/menuiserie-ferreira.com\/wp-content\/uploads\/2021\/08\/vague-chaotique-claire-2-scaled.jpg\" data-link=\"https:\/\/menuiserie-ferreira.com\/?attachment_id=250\" class=\"wp-image-250\" srcset=\"https:\/\/menuiserie-ferreira.com\/wp-content\/uploads\/2021\/08\/vague-chaotique-claire-2-1024x768.jpg 1024w, https:\/\/menuiserie-ferreira.com\/wp-content\/uploads\/2021\/08\/vague-chaotique-claire-2-300x225.jpg 300w, https:\/\/menuiserie-ferreira.com\/wp-content\/uploads\/2021\/08\/vague-chaotique-claire-2-768x576.jpg 768w, https:\/\/menuiserie-ferreira.com\/wp-content\/uploads\/2021\/08\/vague-chaotique-claire-2-1536x1152.jpg 1536w, https:\/\/menuiserie-ferreira.com\/wp-content\/uploads\/2021\/08\/vague-chaotique-claire-2-2048x1536.jpg 2048w\" sizes=\"auto, (max-width: 767px) 89vw, (max-width: 1000px) 54vw, (max-width: 1071px) 543px, 580px\" \/><\/a><\/figure><\/li><li class=\"blocks-gallery-item\"><figure><a href=\"https:\/\/menuiserie-ferreira.com\/wp-content\/uploads\/2021\/08\/vague-reguliere-1-scaled.jpg\"><img loading=\"lazy\" decoding=\"async\" width=\"1024\" height=\"768\" src=\"https:\/\/menuiserie-ferreira.com\/wp-content\/uploads\/2021\/08\/vague-reguliere-1-1024x768.jpg\" alt=\"\" data-id=\"252\" data-full-url=\"https:\/\/menuiserie-ferreira.com\/wp-content\/uploads\/2021\/08\/vague-reguliere-1-scaled.jpg\" data-link=\"https:\/\/menuiserie-ferreira.com\/?attachment_id=252\" class=\"wp-image-252\" srcset=\"https:\/\/menuiserie-ferreira.com\/wp-content\/uploads\/2021\/08\/vague-reguliere-1-1024x768.jpg 1024w, https:\/\/menuiserie-ferreira.com\/wp-content\/uploads\/2021\/08\/vague-reguliere-1-300x225.jpg 300w, https:\/\/menuiserie-ferreira.com\/wp-content\/uploads\/2021\/08\/vague-reguliere-1-768x576.jpg 768w, https:\/\/menuiserie-ferreira.com\/wp-content\/uploads\/2021\/08\/vague-reguliere-1-1536x1152.jpg 1536w, https:\/\/menuiserie-ferreira.com\/wp-content\/uploads\/2021\/08\/vague-reguliere-1-2048x1536.jpg 2048w\" sizes=\"auto, (max-width: 767px) 89vw, (max-width: 1000px) 54vw, (max-width: 1071px) 543px, 580px\" \/><\/a><\/figure><\/li><li class=\"blocks-gallery-item\"><figure><a href=\"https:\/\/menuiserie-ferreira.com\/wp-content\/uploads\/2021\/08\/vague-chaotique-foncee-2-scaled.jpg\"><img loading=\"lazy\" decoding=\"async\" width=\"1024\" height=\"768\" src=\"https:\/\/menuiserie-ferreira.com\/wp-content\/uploads\/2021\/08\/vague-chaotique-foncee-2-1024x768.jpg\" alt=\"\" data-id=\"254\" data-full-url=\"https:\/\/menuiserie-ferreira.com\/wp-content\/uploads\/2021\/08\/vague-chaotique-foncee-2-scaled.jpg\" data-link=\"https:\/\/menuiserie-ferreira.com\/?attachment_id=254\" class=\"wp-image-254\" srcset=\"https:\/\/menuiserie-ferreira.com\/wp-content\/uploads\/2021\/08\/vague-chaotique-foncee-2-1024x768.jpg 1024w, https:\/\/menuiserie-ferreira.com\/wp-content\/uploads\/2021\/08\/vague-chaotique-foncee-2-300x225.jpg 300w, https:\/\/menuiserie-ferreira.com\/wp-content\/uploads\/2021\/08\/vague-chaotique-foncee-2-768x576.jpg 768w, https:\/\/menuiserie-ferreira.com\/wp-content\/uploads\/2021\/08\/vague-chaotique-foncee-2-1536x1152.jpg 1536w, https:\/\/menuiserie-ferreira.com\/wp-content\/uploads\/2021\/08\/vague-chaotique-foncee-2-2048x1536.jpg 2048w\" sizes=\"auto, (max-width: 767px) 89vw, (max-width: 1000px) 54vw, (max-width: 1071px) 543px, 580px\" \/><\/a><\/figure><\/li><\/ul><\/figure>\n\n\n\n<figure class=\"wp-block-gallery columns-3 is-cropped wp-block-gallery-4 is-layout-flex wp-block-gallery-is-layout-flex\"><ul class=\"blocks-gallery-grid\"><li class=\"blocks-gallery-item\"><figure><a href=\"https:\/\/menuiserie-ferreira.com\/wp-content\/uploads\/2021\/08\/mur-de-brique-degrade-1-1024x768.jpg\"><img loading=\"lazy\" decoding=\"async\" width=\"1024\" height=\"768\" src=\"https:\/\/menuiserie-ferreira.com\/wp-content\/uploads\/2021\/08\/mur-de-brique-degrade-1-1024x768.jpg\" alt=\"\" data-id=\"255\" data-link=\"https:\/\/menuiserie-ferreira.com\/?attachment_id=255\" class=\"wp-image-255\" srcset=\"https:\/\/menuiserie-ferreira.com\/wp-content\/uploads\/2021\/08\/mur-de-brique-degrade-1-1024x768.jpg 1024w, https:\/\/menuiserie-ferreira.com\/wp-content\/uploads\/2021\/08\/mur-de-brique-degrade-1-300x225.jpg 300w, https:\/\/menuiserie-ferreira.com\/wp-content\/uploads\/2021\/08\/mur-de-brique-degrade-1-768x576.jpg 768w, https:\/\/menuiserie-ferreira.com\/wp-content\/uploads\/2021\/08\/mur-de-brique-degrade-1-1536x1152.jpg 1536w, https:\/\/menuiserie-ferreira.com\/wp-content\/uploads\/2021\/08\/mur-de-brique-degrade-1-2048x1536.jpg 2048w\" sizes=\"auto, (max-width: 767px) 89vw, (max-width: 1000px) 54vw, (max-width: 1071px) 543px, 580px\" \/><\/a><\/figure><\/li><li class=\"blocks-gallery-item\"><figure><a href=\"https:\/\/menuiserie-ferreira.com\/wp-content\/uploads\/2021\/08\/mur-de-brique-ecorne-1-1024x768.jpg\"><img loading=\"lazy\" decoding=\"async\" width=\"1024\" height=\"768\" src=\"https:\/\/menuiserie-ferreira.com\/wp-content\/uploads\/2021\/08\/mur-de-brique-ecorne-1-1024x768.jpg\" alt=\"\" data-id=\"256\" data-link=\"https:\/\/menuiserie-ferreira.com\/?attachment_id=256\" class=\"wp-image-256\" srcset=\"https:\/\/menuiserie-ferreira.com\/wp-content\/uploads\/2021\/08\/mur-de-brique-ecorne-1-1024x768.jpg 1024w, https:\/\/menuiserie-ferreira.com\/wp-content\/uploads\/2021\/08\/mur-de-brique-ecorne-1-300x225.jpg 300w, https:\/\/menuiserie-ferreira.com\/wp-content\/uploads\/2021\/08\/mur-de-brique-ecorne-1-768x576.jpg 768w, https:\/\/menuiserie-ferreira.com\/wp-content\/uploads\/2021\/08\/mur-de-brique-ecorne-1-1536x1152.jpg 1536w, https:\/\/menuiserie-ferreira.com\/wp-content\/uploads\/2021\/08\/mur-de-brique-ecorne-1-2048x1536.jpg 2048w\" sizes=\"auto, (max-width: 767px) 89vw, (max-width: 1000px) 54vw, (max-width: 1071px) 543px, 580px\" \/><\/a><\/figure><\/li><li class=\"blocks-gallery-item\"><figure><a href=\"https:\/\/menuiserie-ferreira.com\/wp-content\/uploads\/2021\/08\/divers-3-2-1024x768.jpg\"><img loading=\"lazy\" decoding=\"async\" width=\"1024\" height=\"768\" src=\"https:\/\/menuiserie-ferreira.com\/wp-content\/uploads\/2021\/08\/divers-3-2-1024x768.jpg\" alt=\"\" data-id=\"257\" data-link=\"https:\/\/menuiserie-ferreira.com\/?attachment_id=257\" class=\"wp-image-257\" srcset=\"https:\/\/menuiserie-ferreira.com\/wp-content\/uploads\/2021\/08\/divers-3-2-1024x768.jpg 1024w, https:\/\/menuiserie-ferreira.com\/wp-content\/uploads\/2021\/08\/divers-3-2-300x225.jpg 300w, https:\/\/menuiserie-ferreira.com\/wp-content\/uploads\/2021\/08\/divers-3-2-768x576.jpg 768w, https:\/\/menuiserie-ferreira.com\/wp-content\/uploads\/2021\/08\/divers-3-2-1536x1152.jpg 1536w, https:\/\/menuiserie-ferreira.com\/wp-content\/uploads\/2021\/08\/divers-3-2-2048x1536.jpg 2048w\" sizes=\"auto, (max-width: 767px) 89vw, (max-width: 1000px) 54vw, (max-width: 1071px) 543px, 580px\" \/><\/a><\/figure><\/li><li class=\"blocks-gallery-item\"><figure><a href=\"https:\/\/menuiserie-ferreira.com\/wp-content\/uploads\/2021\/08\/divers-4-2-1024x768.jpg\"><img loading=\"lazy\" decoding=\"async\" width=\"1024\" height=\"768\" src=\"https:\/\/menuiserie-ferreira.com\/wp-content\/uploads\/2021\/08\/divers-4-2-1024x768.jpg\" alt=\"\" data-id=\"258\" data-link=\"https:\/\/menuiserie-ferreira.com\/?attachment_id=258\" class=\"wp-image-258\" srcset=\"https:\/\/menuiserie-ferreira.com\/wp-content\/uploads\/2021\/08\/divers-4-2-1024x768.jpg 1024w, https:\/\/menuiserie-ferreira.com\/wp-content\/uploads\/2021\/08\/divers-4-2-300x225.jpg 300w, https:\/\/menuiserie-ferreira.com\/wp-content\/uploads\/2021\/08\/divers-4-2-768x576.jpg 768w, https:\/\/menuiserie-ferreira.com\/wp-content\/uploads\/2021\/08\/divers-4-2-1536x1152.jpg 1536w, https:\/\/menuiserie-ferreira.com\/wp-content\/uploads\/2021\/08\/divers-4-2-2048x1536.jpg 2048w\" sizes=\"auto, (max-width: 767px) 89vw, (max-width: 1000px) 54vw, (max-width: 1071px) 543px, 580px\" \/><\/a><\/figure><\/li><li class=\"blocks-gallery-item\"><figure><a href=\"https:\/\/menuiserie-ferreira.com\/wp-content\/uploads\/2021\/08\/divers-2-2-1024x768.jpg\"><img loading=\"lazy\" decoding=\"async\" width=\"1024\" height=\"768\" src=\"https:\/\/menuiserie-ferreira.com\/wp-content\/uploads\/2021\/08\/divers-2-2-1024x768.jpg\" alt=\"\" data-id=\"259\" data-link=\"https:\/\/menuiserie-ferreira.com\/?attachment_id=259\" class=\"wp-image-259\" srcset=\"https:\/\/menuiserie-ferreira.com\/wp-content\/uploads\/2021\/08\/divers-2-2-1024x768.jpg 1024w, https:\/\/menuiserie-ferreira.com\/wp-content\/uploads\/2021\/08\/divers-2-2-300x225.jpg 300w, https:\/\/menuiserie-ferreira.com\/wp-content\/uploads\/2021\/08\/divers-2-2-768x576.jpg 768w, https:\/\/menuiserie-ferreira.com\/wp-content\/uploads\/2021\/08\/divers-2-2-1536x1152.jpg 1536w, https:\/\/menuiserie-ferreira.com\/wp-content\/uploads\/2021\/08\/divers-2-2-2048x1536.jpg 2048w\" sizes=\"auto, (max-width: 767px) 89vw, (max-width: 1000px) 54vw, (max-width: 1071px) 543px, 580px\" \/><\/a><\/figure><\/li><li class=\"blocks-gallery-item\"><figure><a href=\"https:\/\/menuiserie-ferreira.com\/wp-content\/uploads\/2021\/08\/divers-encadree-1-1024x768.jpg\"><img loading=\"lazy\" decoding=\"async\" width=\"1024\" height=\"768\" src=\"https:\/\/menuiserie-ferreira.com\/wp-content\/uploads\/2021\/08\/divers-encadree-1-1024x768.jpg\" alt=\"\" data-id=\"260\" data-link=\"https:\/\/menuiserie-ferreira.com\/?attachment_id=260\" class=\"wp-image-260\" srcset=\"https:\/\/menuiserie-ferreira.com\/wp-content\/uploads\/2021\/08\/divers-encadree-1-1024x768.jpg 1024w, https:\/\/menuiserie-ferreira.com\/wp-content\/uploads\/2021\/08\/divers-encadree-1-300x225.jpg 300w, https:\/\/menuiserie-ferreira.com\/wp-content\/uploads\/2021\/08\/divers-encadree-1-768x576.jpg 768w, https:\/\/menuiserie-ferreira.com\/wp-content\/uploads\/2021\/08\/divers-encadree-1-1536x1152.jpg 1536w, https:\/\/menuiserie-ferreira.com\/wp-content\/uploads\/2021\/08\/divers-encadree-1-2048x1536.jpg 2048w\" sizes=\"auto, (max-width: 767px) 89vw, (max-width: 1000px) 54vw, (max-width: 1071px) 543px, 580px\" \/><\/a><\/figure><\/li><li class=\"blocks-gallery-item\"><figure><a href=\"https:\/\/menuiserie-ferreira.com\/wp-content\/uploads\/2021\/08\/divers-1-1-1024x768.jpg\"><img loading=\"lazy\" decoding=\"async\" width=\"1024\" height=\"768\" src=\"https:\/\/menuiserie-ferreira.com\/wp-content\/uploads\/2021\/08\/divers-1-1-1024x768.jpg\" alt=\"\" data-id=\"261\" data-link=\"https:\/\/menuiserie-ferreira.com\/?attachment_id=261\" class=\"wp-image-261\" srcset=\"https:\/\/menuiserie-ferreira.com\/wp-content\/uploads\/2021\/08\/divers-1-1-1024x768.jpg 1024w, https:\/\/menuiserie-ferreira.com\/wp-content\/uploads\/2021\/08\/divers-1-1-300x225.jpg 300w, https:\/\/menuiserie-ferreira.com\/wp-content\/uploads\/2021\/08\/divers-1-1-768x576.jpg 768w, https:\/\/menuiserie-ferreira.com\/wp-content\/uploads\/2021\/08\/divers-1-1-1536x1152.jpg 1536w, https:\/\/menuiserie-ferreira.com\/wp-content\/uploads\/2021\/08\/divers-1-1-2048x1536.jpg 2048w\" sizes=\"auto, (max-width: 767px) 89vw, (max-width: 1000px) 54vw, (max-width: 1071px) 543px, 580px\" \/><\/a><\/figure><\/li><li class=\"blocks-gallery-item\"><figure><a href=\"https:\/\/menuiserie-ferreira.com\/wp-content\/uploads\/2021\/08\/20201111_131710-scaled.jpg\"><img loading=\"lazy\" decoding=\"async\" width=\"1024\" height=\"768\" src=\"https:\/\/menuiserie-ferreira.com\/wp-content\/uploads\/2021\/08\/20201111_131710-1024x768.jpg\" alt=\"\" data-id=\"262\" data-full-url=\"https:\/\/menuiserie-ferreira.com\/wp-content\/uploads\/2021\/08\/20201111_131710-scaled.jpg\" data-link=\"https:\/\/menuiserie-ferreira.com\/?attachment_id=262\" class=\"wp-image-262\" srcset=\"https:\/\/menuiserie-ferreira.com\/wp-content\/uploads\/2021\/08\/20201111_131710-1024x768.jpg 1024w, https:\/\/menuiserie-ferreira.com\/wp-content\/uploads\/2021\/08\/20201111_131710-300x225.jpg 300w, https:\/\/menuiserie-ferreira.com\/wp-content\/uploads\/2021\/08\/20201111_131710-768x576.jpg 768w, https:\/\/menuiserie-ferreira.com\/wp-content\/uploads\/2021\/08\/20201111_131710-1536x1152.jpg 1536w, https:\/\/menuiserie-ferreira.com\/wp-content\/uploads\/2021\/08\/20201111_131710-2048x1536.jpg 2048w\" sizes=\"auto, (max-width: 767px) 89vw, (max-width: 1000px) 54vw, (max-width: 1071px) 543px, 580px\" \/><\/a><\/figure><\/li><li class=\"blocks-gallery-item\"><figure><a href=\"https:\/\/menuiserie-ferreira.com\/wp-content\/uploads\/2021\/08\/20201111_131743-scaled.jpg\"><img loading=\"lazy\" decoding=\"async\" width=\"768\" height=\"1024\" src=\"https:\/\/menuiserie-ferreira.com\/wp-content\/uploads\/2021\/08\/20201111_131743-768x1024.jpg\" alt=\"\" data-id=\"263\" data-full-url=\"https:\/\/menuiserie-ferreira.com\/wp-content\/uploads\/2021\/08\/20201111_131743-scaled.jpg\" data-link=\"https:\/\/menuiserie-ferreira.com\/?attachment_id=263\" class=\"wp-image-263\" srcset=\"https:\/\/menuiserie-ferreira.com\/wp-content\/uploads\/2021\/08\/20201111_131743-768x1024.jpg 768w, https:\/\/menuiserie-ferreira.com\/wp-content\/uploads\/2021\/08\/20201111_131743-225x300.jpg 225w, https:\/\/menuiserie-ferreira.com\/wp-content\/uploads\/2021\/08\/20201111_131743-1152x1536.jpg 1152w, https:\/\/menuiserie-ferreira.com\/wp-content\/uploads\/2021\/08\/20201111_131743-1536x2048.jpg 1536w, https:\/\/menuiserie-ferreira.com\/wp-content\/uploads\/2021\/08\/20201111_131743-scaled.jpg 1920w\" sizes=\"auto, (max-width: 767px) 89vw, (max-width: 1000px) 54vw, (max-width: 1071px) 543px, 580px\" \/><\/a><\/figure><\/li><\/ul><\/figure>\n\n\n\n<p><\/p>\n","protected":false},"excerpt":{"rendered":"<p>les billots , planches \u00e0 d\u00e9couper ou de pr\u00e9sentation sont r\u00e9alis\u00e9s en bois de bout ( sens du bois vertical ) , avec cette technique les couteaux gardent leur tranchant et le tanin du bois repousse les impuret\u00e9s bact\u00e9riennes lorsque les fibres se refermentd&rsquo;environ 40x30x4cm d&rsquo;\u00e9paisseur , certaines peuvent \u00eatre fabriqu\u00e9es sur mesureles bois sont &hellip; <\/p>\n<p class=\"link-more\"><a href=\"https:\/\/menuiserie-ferreira.com\/?page_id=212\" class=\"more-link\">Continuer la lecture<span class=\"screen-reader-text\"> de &laquo;&nbsp;planches a d\u00e9couper&nbsp;&raquo;<\/span><\/a><\/p>\n","protected":false},"author":1,"featured_media":0,"parent":0,"menu_order":0,"comment_status":"closed","ping_status":"closed","template":"","meta":{"footnotes":""},"class_list":["post-212","page","type-page","status-publish","hentry"],"_links":{"self":[{"href":"https:\/\/menuiserie-ferreira.com\/index.php?rest_route=\/wp\/v2\/pages\/212","targetHints":{"allow":["GET"]}}],"collection":[{"href":"https:\/\/menuiserie-ferreira.com\/index.php?rest_route=\/wp\/v2\/pages"}],"about":[{"href":"https:\/\/menuiserie-ferreira.com\/index.php?rest_route=\/wp\/v2\/types\/page"}],"author":[{"embeddable":true,"href":"https:\/\/menuiserie-ferreira.com\/index.php?rest_route=\/wp\/v2\/users\/1"}],"replies":[{"embeddable":true,"href":"https:\/\/menuiserie-ferreira.com\/index.php?rest_route=%2Fwp%2Fv2%2Fcomments&post=212"}],"version-history":[{"count":9,"href":"https:\/\/menuiserie-ferreira.com\/index.php?rest_route=\/wp\/v2\/pages\/212\/revisions"}],"predecessor-version":[{"id":273,"href":"https:\/\/menuiserie-ferreira.com\/index.php?rest_route=\/wp\/v2\/pages\/212\/revisions\/273"}],"wp:attachment":[{"href":"https:\/\/menuiserie-ferreira.com\/index.php?rest_route=%2Fwp%2Fv2%2Fmedia&parent=212"}],"curies":[{"name":"wp","href":"https:\/\/api.w.org\/{rel}","templated":true}]}}