{"id":37,"date":"2019-11-11T09:47:22","date_gmt":"2019-11-11T09:47:22","guid":{"rendered":"https:\/\/menuiserie-ferreira.com\/?page_id=37"},"modified":"2021-09-17T11:45:32","modified_gmt":"2021-09-17T11:45:32","slug":"escaliers","status":"publish","type":"page","link":"https:\/\/menuiserie-ferreira.com\/?page_id=37","title":{"rendered":"Escaliers"},"content":{"rendered":"\n<p>parce qu&rsquo;un escalier doit \u00eatre autant agr\u00e9able a monter qu&rsquo;a regarder il est con\u00e7u sous  diff\u00e9rents styles <\/p>\n\n\n\n<p>les gardes corps peuvent \u00eatre en verre feuillet\u00e9 , m\u00e9tal laqu\u00e9 , m\u00e9tal vieilli , inox , bois ou m\u00e9lange de mat\u00e9riaux vari\u00e9s<\/p>\n\n\n\n<p><\/p>\n\n\n\n<figure class=\"wp-block-gallery columns-1 is-cropped wp-block-gallery-1 is-layout-flex wp-block-gallery-is-layout-flex\"><ul class=\"blocks-gallery-grid\"><li class=\"blocks-gallery-item\"><figure><a href=\"https:\/\/menuiserie-ferreira.com\/wp-content\/uploads\/2019\/11\/escalier-rey-2.jpg\"><img loading=\"lazy\" decoding=\"async\" width=\"1024\" height=\"768\" src=\"https:\/\/menuiserie-ferreira.com\/wp-content\/uploads\/2019\/11\/escalier-rey-2-1024x768.jpg\" alt=\"Escalier limon central\" data-id=\"46\" data-full-url=\"https:\/\/menuiserie-ferreira.com\/wp-content\/uploads\/2019\/11\/escalier-rey-2.jpg\" data-link=\"https:\/\/menuiserie-ferreira.com\/?attachment_id=46\" class=\"wp-image-46\" srcset=\"https:\/\/menuiserie-ferreira.com\/wp-content\/uploads\/2019\/11\/escalier-rey-2-1024x768.jpg 1024w, https:\/\/menuiserie-ferreira.com\/wp-content\/uploads\/2019\/11\/escalier-rey-2-300x225.jpg 300w, https:\/\/menuiserie-ferreira.com\/wp-content\/uploads\/2019\/11\/escalier-rey-2-768x576.jpg 768w\" sizes=\"auto, (max-width: 767px) 89vw, (max-width: 1000px) 54vw, (max-width: 1071px) 543px, 580px\" \/><\/a><\/figure><\/li><li class=\"blocks-gallery-item\"><figure><a href=\"https:\/\/menuiserie-ferreira.com\/wp-content\/uploads\/2020\/01\/escalier-martiningui-rotated.jpg\"><img loading=\"lazy\" decoding=\"async\" width=\"768\" height=\"1024\" src=\"https:\/\/menuiserie-ferreira.com\/wp-content\/uploads\/2020\/01\/escalier-martiningui-768x1024.jpg\" alt=\"\" data-id=\"129\" data-full-url=\"https:\/\/menuiserie-ferreira.com\/wp-content\/uploads\/2020\/01\/escalier-martiningui-rotated.jpg\" data-link=\"https:\/\/menuiserie-ferreira.com\/?attachment_id=129\" class=\"wp-image-129\" srcset=\"https:\/\/menuiserie-ferreira.com\/wp-content\/uploads\/2020\/01\/escalier-martiningui-768x1024.jpg 768w, https:\/\/menuiserie-ferreira.com\/wp-content\/uploads\/2020\/01\/escalier-martiningui-225x300.jpg 225w, https:\/\/menuiserie-ferreira.com\/wp-content\/uploads\/2020\/01\/escalier-martiningui-1152x1536.jpg 1152w, https:\/\/menuiserie-ferreira.com\/wp-content\/uploads\/2020\/01\/escalier-martiningui-1536x2048.jpg 1536w, https:\/\/menuiserie-ferreira.com\/wp-content\/uploads\/2020\/01\/escalier-martiningui-rotated.jpg 1920w\" sizes=\"auto, (max-width: 767px) 89vw, (max-width: 1000px) 54vw, (max-width: 1071px) 543px, 580px\" \/><\/a><figcaption class=\"blocks-gallery-item__caption\">escalier en ch\u00eane avec marches traversantes sur  limon cr\u00e9maill\u00e8re , garde corps en tube inox<\/figcaption><\/figure><\/li><li class=\"blocks-gallery-item\"><figure><a href=\"https:\/\/menuiserie-ferreira.com\/wp-content\/uploads\/2020\/01\/20150220_160602.jpg\"><img loading=\"lazy\" decoding=\"async\" width=\"1024\" height=\"768\" src=\"https:\/\/menuiserie-ferreira.com\/wp-content\/uploads\/2020\/01\/20150220_160602-1024x768.jpg\" alt=\"\" data-id=\"149\" data-full-url=\"https:\/\/menuiserie-ferreira.com\/wp-content\/uploads\/2020\/01\/20150220_160602.jpg\" data-link=\"https:\/\/menuiserie-ferreira.com\/?attachment_id=149\" class=\"wp-image-149\" srcset=\"https:\/\/menuiserie-ferreira.com\/wp-content\/uploads\/2020\/01\/20150220_160602-1024x768.jpg 1024w, https:\/\/menuiserie-ferreira.com\/wp-content\/uploads\/2020\/01\/20150220_160602-300x225.jpg 300w, https:\/\/menuiserie-ferreira.com\/wp-content\/uploads\/2020\/01\/20150220_160602-768x576.jpg 768w, https:\/\/menuiserie-ferreira.com\/wp-content\/uploads\/2020\/01\/20150220_160602-1536x1152.jpg 1536w, https:\/\/menuiserie-ferreira.com\/wp-content\/uploads\/2020\/01\/20150220_160602-2048x1536.jpg 2048w\" sizes=\"auto, (max-width: 767px) 89vw, (max-width: 1000px) 54vw, (max-width: 1071px) 543px, 580px\" \/><\/a><figcaption class=\"blocks-gallery-item__caption\">et le garde corps \u00e0 l&rsquo;\u00e9tage<\/figcaption><\/figure><\/li><\/ul><\/figure>\n\n\n\n<figure class=\"wp-block-image size-large is-resized\"><img loading=\"lazy\" decoding=\"async\" src=\"https:\/\/menuiserie-ferreira.com\/wp-content\/uploads\/2020\/02\/escalier-fr\u00eane-olivier-1-576x1024.jpeg\" alt=\"\" class=\"wp-image-164\" width=\"644\" height=\"1144\" srcset=\"https:\/\/menuiserie-ferreira.com\/wp-content\/uploads\/2020\/02\/escalier-fr\u00eane-olivier-1-576x1024.jpeg 576w, https:\/\/menuiserie-ferreira.com\/wp-content\/uploads\/2020\/02\/escalier-fr\u00eane-olivier-1-169x300.jpeg 169w, https:\/\/menuiserie-ferreira.com\/wp-content\/uploads\/2020\/02\/escalier-fr\u00eane-olivier-1-768x1365.jpeg 768w, https:\/\/menuiserie-ferreira.com\/wp-content\/uploads\/2020\/02\/escalier-fr\u00eane-olivier-1-864x1536.jpeg 864w, https:\/\/menuiserie-ferreira.com\/wp-content\/uploads\/2020\/02\/escalier-fr\u00eane-olivier-1.jpeg 1080w\" sizes=\"auto, (max-width: 644px) 100vw, 644px\" \/><figcaption>habillage d&rsquo;un escalier b\u00e9ton avec marches en fr\u00eane olivier<\/figcaption><\/figure>\n\n\n\n<figure class=\"wp-block-image size-large\"><img loading=\"lazy\" decoding=\"async\" width=\"1024\" height=\"768\" src=\"https:\/\/menuiserie-ferreira.com\/wp-content\/uploads\/2020\/02\/marches-fr\u00eane-olivier-1024x768.jpg\" alt=\"\" class=\"wp-image-166\" srcset=\"https:\/\/menuiserie-ferreira.com\/wp-content\/uploads\/2020\/02\/marches-fr\u00eane-olivier-1024x768.jpg 1024w, https:\/\/menuiserie-ferreira.com\/wp-content\/uploads\/2020\/02\/marches-fr\u00eane-olivier-300x225.jpg 300w, https:\/\/menuiserie-ferreira.com\/wp-content\/uploads\/2020\/02\/marches-fr\u00eane-olivier-768x576.jpg 768w, https:\/\/menuiserie-ferreira.com\/wp-content\/uploads\/2020\/02\/marches-fr\u00eane-olivier.jpg 1440w\" sizes=\"auto, (max-width: 767px) 89vw, (max-width: 1000px) 54vw, (max-width: 1071px) 543px, 580px\" \/><figcaption>ces marches en fr\u00eane olivier sont pos\u00e9e sur un escalier m\u00e9tallique de la FERRONNERIE DES GRANGES  \u00e0 izeaux<\/figcaption><\/figure>\n\n\n\n<figure class=\"wp-block-image size-large\"><img loading=\"lazy\" decoding=\"async\" width=\"768\" height=\"1024\" src=\"https:\/\/menuiserie-ferreira.com\/wp-content\/uploads\/2020\/04\/20200414_155437-768x1024.jpg\" alt=\"\" class=\"wp-image-196\" srcset=\"https:\/\/menuiserie-ferreira.com\/wp-content\/uploads\/2020\/04\/20200414_155437-768x1024.jpg 768w, https:\/\/menuiserie-ferreira.com\/wp-content\/uploads\/2020\/04\/20200414_155437-225x300.jpg 225w, https:\/\/menuiserie-ferreira.com\/wp-content\/uploads\/2020\/04\/20200414_155437-1152x1536.jpg 1152w, https:\/\/menuiserie-ferreira.com\/wp-content\/uploads\/2020\/04\/20200414_155437-1536x2048.jpg 1536w, https:\/\/menuiserie-ferreira.com\/wp-content\/uploads\/2020\/04\/20200414_155437-scaled.jpg 1920w\" sizes=\"auto, (max-width: 767px) 89vw, (max-width: 1000px) 54vw, (max-width: 1071px) 543px, 580px\" \/><figcaption>escalier r\u00e9alis\u00e9 en ch\u00eane avec tubes inox cintr\u00e9s <\/figcaption><\/figure>\n\n\n\n<ul class=\"wp-block-list\"><li><\/li><\/ul>\n\n\n\n<figure class=\"wp-block-image size-large\"><img loading=\"lazy\" decoding=\"async\" width=\"768\" height=\"1024\" src=\"https:\/\/menuiserie-ferreira.com\/wp-content\/uploads\/2020\/04\/IMG_02051-768x1024.jpg\" alt=\"\" class=\"wp-image-209\" srcset=\"https:\/\/menuiserie-ferreira.com\/wp-content\/uploads\/2020\/04\/IMG_02051-768x1024.jpg 768w, https:\/\/menuiserie-ferreira.com\/wp-content\/uploads\/2020\/04\/IMG_02051-225x300.jpg 225w, https:\/\/menuiserie-ferreira.com\/wp-content\/uploads\/2020\/04\/IMG_02051.jpg 960w\" sizes=\"auto, (max-width: 767px) 89vw, (max-width: 1000px) 54vw, (max-width: 1071px) 543px, 580px\" \/><figcaption>escalier en ch\u00e2taignier sans contre-marches , balustres en tube inox , pour optimiser la place le palier dessert un couloir<\/figcaption><\/figure>\n","protected":false},"excerpt":{"rendered":"<p>parce qu&rsquo;un escalier doit \u00eatre autant agr\u00e9able a monter qu&rsquo;a regarder il est con\u00e7u sous diff\u00e9rents styles les gardes corps peuvent \u00eatre en verre feuillet\u00e9 , m\u00e9tal laqu\u00e9 , m\u00e9tal vieilli , inox , bois ou m\u00e9lange de mat\u00e9riaux vari\u00e9s<\/p>\n","protected":false},"author":1,"featured_media":0,"parent":0,"menu_order":0,"comment_status":"closed","ping_status":"closed","template":"","meta":{"footnotes":""},"class_list":["post-37","page","type-page","status-publish","hentry"],"_links":{"self":[{"href":"https:\/\/menuiserie-ferreira.com\/index.php?rest_route=\/wp\/v2\/pages\/37","targetHints":{"allow":["GET"]}}],"collection":[{"href":"https:\/\/menuiserie-ferreira.com\/index.php?rest_route=\/wp\/v2\/pages"}],"about":[{"href":"https:\/\/menuiserie-ferreira.com\/index.php?rest_route=\/wp\/v2\/types\/page"}],"author":[{"embeddable":true,"href":"https:\/\/menuiserie-ferreira.com\/index.php?rest_route=\/wp\/v2\/users\/1"}],"replies":[{"embeddable":true,"href":"https:\/\/menuiserie-ferreira.com\/index.php?rest_route=%2Fwp%2Fv2%2Fcomments&post=37"}],"version-history":[{"count":21,"href":"https:\/\/menuiserie-ferreira.com\/index.php?rest_route=\/wp\/v2\/pages\/37\/revisions"}],"predecessor-version":[{"id":275,"href":"https:\/\/menuiserie-ferreira.com\/index.php?rest_route=\/wp\/v2\/pages\/37\/revisions\/275"}],"wp:attachment":[{"href":"https:\/\/menuiserie-ferreira.com\/index.php?rest_route=%2Fwp%2Fv2%2Fmedia&parent=37"}],"curies":[{"name":"wp","href":"https:\/\/api.w.org\/{rel}","templated":true}]}}