{"id":41,"date":"2019-11-11T09:49:10","date_gmt":"2019-11-11T09:49:10","guid":{"rendered":"https:\/\/menuiserie-ferreira.com\/?page_id=41"},"modified":"2020-04-18T04:09:21","modified_gmt":"2020-04-18T04:09:21","slug":"travaux-divers","status":"publish","type":"page","link":"https:\/\/menuiserie-ferreira.com\/?page_id=41","title":{"rendered":"Travaux divers"},"content":{"rendered":"\n<figure class=\"wp-block-image size-large is-resized\"><img loading=\"lazy\" decoding=\"async\" src=\"https:\/\/menuiserie-ferreira.com\/wp-content\/uploads\/2020\/02\/plateau-de-table-duo-768x1024.jpg\" alt=\"\" class=\"wp-image-159\" width=\"420\" height=\"560\" srcset=\"https:\/\/menuiserie-ferreira.com\/wp-content\/uploads\/2020\/02\/plateau-de-table-duo-768x1024.jpg 768w, https:\/\/menuiserie-ferreira.com\/wp-content\/uploads\/2020\/02\/plateau-de-table-duo-225x300.jpg 225w, https:\/\/menuiserie-ferreira.com\/wp-content\/uploads\/2020\/02\/plateau-de-table-duo-1152x1536.jpg 1152w, https:\/\/menuiserie-ferreira.com\/wp-content\/uploads\/2020\/02\/plateau-de-table-duo-1536x2048.jpg 1536w, https:\/\/menuiserie-ferreira.com\/wp-content\/uploads\/2020\/02\/plateau-de-table-duo-scaled.jpg 1920w\" sizes=\"auto, (max-width: 420px) 100vw, 420px\" \/><figcaption>plateau de table DUO en ch\u00e2taignier avec bandes en noyer<\/figcaption><\/figure>\n\n\n\n<figure class=\"wp-block-image size-large is-resized\"><img loading=\"lazy\" decoding=\"async\" src=\"https:\/\/menuiserie-ferreira.com\/wp-content\/uploads\/2019\/11\/20150910_162301-e1581919169268-768x1024.jpg\" alt=\"\" class=\"wp-image-89\" width=\"421\" height=\"560\" srcset=\"https:\/\/menuiserie-ferreira.com\/wp-content\/uploads\/2019\/11\/20150910_162301-e1581919169268-768x1024.jpg 768w, https:\/\/menuiserie-ferreira.com\/wp-content\/uploads\/2019\/11\/20150910_162301-e1581919169268-225x300.jpg 225w, https:\/\/menuiserie-ferreira.com\/wp-content\/uploads\/2019\/11\/20150910_162301-e1581919169268-1152x1536.jpg 1152w, https:\/\/menuiserie-ferreira.com\/wp-content\/uploads\/2019\/11\/20150910_162301-e1581919169268-1536x2048.jpg 1536w, https:\/\/menuiserie-ferreira.com\/wp-content\/uploads\/2019\/11\/20150910_162301-e1581919169268.jpg 1920w\" sizes=\"auto, (max-width: 421px) 100vw, 421px\" \/><figcaption>porte en trap\u00e8ze d&rsquo;acc\u00e8s a la cave avec isolation des panneaux au milieu<\/figcaption><\/figure>\n\n\n\n<figure class=\"wp-block-image size-large is-resized\"><img loading=\"lazy\" decoding=\"async\" src=\"https:\/\/menuiserie-ferreira.com\/wp-content\/uploads\/2020\/01\/DSC_0337-768x1024.jpg\" alt=\"\" class=\"wp-image-145\" width=\"416\" height=\"554\" srcset=\"https:\/\/menuiserie-ferreira.com\/wp-content\/uploads\/2020\/01\/DSC_0337-768x1024.jpg 768w, https:\/\/menuiserie-ferreira.com\/wp-content\/uploads\/2020\/01\/DSC_0337-225x300.jpg 225w, https:\/\/menuiserie-ferreira.com\/wp-content\/uploads\/2020\/01\/DSC_0337-1152x1536.jpg 1152w, https:\/\/menuiserie-ferreira.com\/wp-content\/uploads\/2020\/01\/DSC_0337-rotated.jpg 1224w\" sizes=\"auto, (max-width: 416px) 100vw, 416px\" \/><figcaption>volets persiennes a lames aras\u00e9es , fabrication a l&rsquo;ancienne<\/figcaption><\/figure>\n\n\n\n<figure class=\"wp-block-image size-large is-resized\"><img loading=\"lazy\" decoding=\"async\" src=\"https:\/\/menuiserie-ferreira.com\/wp-content\/uploads\/2020\/02\/plateau-brut-salle-de-bain--576x1024.jpg\" alt=\"\" class=\"wp-image-172\" width=\"414\" height=\"736\" srcset=\"https:\/\/menuiserie-ferreira.com\/wp-content\/uploads\/2020\/02\/plateau-brut-salle-de-bain--576x1024.jpg 576w, https:\/\/menuiserie-ferreira.com\/wp-content\/uploads\/2020\/02\/plateau-brut-salle-de-bain--169x300.jpg 169w, https:\/\/menuiserie-ferreira.com\/wp-content\/uploads\/2020\/02\/plateau-brut-salle-de-bain--768x1365.jpg 768w, https:\/\/menuiserie-ferreira.com\/wp-content\/uploads\/2020\/02\/plateau-brut-salle-de-bain--864x1536.jpg 864w, https:\/\/menuiserie-ferreira.com\/wp-content\/uploads\/2020\/02\/plateau-brut-salle-de-bain-.jpg 1080w\" sizes=\"auto, (max-width: 414px) 100vw, 414px\" \/><figcaption>plateaux en ch\u00eane tranche d&rsquo;arbre pour salle de bain ,pos\u00e9s sur armature de la FERRONNERIE DES GRANGES \u00e0 izeaux<\/figcaption><\/figure>\n\n\n\n<figure class=\"wp-block-image size-large is-resized\"><img loading=\"lazy\" decoding=\"async\" src=\"https:\/\/menuiserie-ferreira.com\/wp-content\/uploads\/2020\/02\/20170622_104743-768x1024.jpg\" alt=\"\" class=\"wp-image-178\" width=\"411\" height=\"547\" srcset=\"https:\/\/menuiserie-ferreira.com\/wp-content\/uploads\/2020\/02\/20170622_104743-768x1024.jpg 768w, https:\/\/menuiserie-ferreira.com\/wp-content\/uploads\/2020\/02\/20170622_104743-225x300.jpg 225w, https:\/\/menuiserie-ferreira.com\/wp-content\/uploads\/2020\/02\/20170622_104743-1152x1536.jpg 1152w, https:\/\/menuiserie-ferreira.com\/wp-content\/uploads\/2020\/02\/20170622_104743-1536x2048.jpg 1536w, https:\/\/menuiserie-ferreira.com\/wp-content\/uploads\/2020\/02\/20170622_104743-rotated.jpg 1920w\" sizes=\"auto, (max-width: 411px) 100vw, 411px\" \/><figcaption>porte d&rsquo;int\u00e9rieur en ch\u00e2taignier , vitr\u00e9e en partie haute<\/figcaption><\/figure>\n\n\n\n<figure class=\"wp-block-image size-large is-resized\"><img loading=\"lazy\" decoding=\"async\" src=\"https:\/\/menuiserie-ferreira.com\/wp-content\/uploads\/2020\/04\/20200408_092544-768x1024.jpg\" alt=\"\" class=\"wp-image-201\" width=\"411\" height=\"548\" srcset=\"https:\/\/menuiserie-ferreira.com\/wp-content\/uploads\/2020\/04\/20200408_092544-768x1024.jpg 768w, https:\/\/menuiserie-ferreira.com\/wp-content\/uploads\/2020\/04\/20200408_092544-225x300.jpg 225w, https:\/\/menuiserie-ferreira.com\/wp-content\/uploads\/2020\/04\/20200408_092544-1152x1536.jpg 1152w, https:\/\/menuiserie-ferreira.com\/wp-content\/uploads\/2020\/04\/20200408_092544-1536x2048.jpg 1536w, https:\/\/menuiserie-ferreira.com\/wp-content\/uploads\/2020\/04\/20200408_092544-scaled.jpg 1920w\" sizes=\"auto, (max-width: 411px) 100vw, 411px\" \/><figcaption>volets dauphinois en ch\u00e2taignier fabriqu\u00e9s a l&rsquo;ancienne , les lames sont de largeur in\u00e9gale<\/figcaption><\/figure>\n\n\n\n<figure class=\"wp-block-image size-large is-resized\"><img loading=\"lazy\" decoding=\"async\" src=\"https:\/\/menuiserie-ferreira.com\/wp-content\/uploads\/2020\/04\/20200228_112908-768x1024.jpg\" alt=\"\" class=\"wp-image-204\" width=\"407\" height=\"542\" srcset=\"https:\/\/menuiserie-ferreira.com\/wp-content\/uploads\/2020\/04\/20200228_112908-768x1024.jpg 768w, https:\/\/menuiserie-ferreira.com\/wp-content\/uploads\/2020\/04\/20200228_112908-225x300.jpg 225w, https:\/\/menuiserie-ferreira.com\/wp-content\/uploads\/2020\/04\/20200228_112908-1152x1536.jpg 1152w, https:\/\/menuiserie-ferreira.com\/wp-content\/uploads\/2020\/04\/20200228_112908-1536x2048.jpg 1536w, https:\/\/menuiserie-ferreira.com\/wp-content\/uploads\/2020\/04\/20200228_112908-scaled.jpg 1920w\" sizes=\"auto, (max-width: 407px) 100vw, 407px\" \/><figcaption>cette porte en ch\u00e2taignier massif a 4 panneaux s&rsquo;int\u00e8gre parfaitement sur un bardage bois<\/figcaption><\/figure>\n","protected":false},"excerpt":{"rendered":"","protected":false},"author":1,"featured_media":0,"parent":0,"menu_order":0,"comment_status":"closed","ping_status":"closed","template":"","meta":{"footnotes":""},"class_list":["post-41","page","type-page","status-publish","hentry"],"_links":{"self":[{"href":"https:\/\/menuiserie-ferreira.com\/index.php?rest_route=\/wp\/v2\/pages\/41","targetHints":{"allow":["GET"]}}],"collection":[{"href":"https:\/\/menuiserie-ferreira.com\/index.php?rest_route=\/wp\/v2\/pages"}],"about":[{"href":"https:\/\/menuiserie-ferreira.com\/index.php?rest_route=\/wp\/v2\/types\/page"}],"author":[{"embeddable":true,"href":"https:\/\/menuiserie-ferreira.com\/index.php?rest_route=\/wp\/v2\/users\/1"}],"replies":[{"embeddable":true,"href":"https:\/\/menuiserie-ferreira.com\/index.php?rest_route=%2Fwp%2Fv2%2Fcomments&post=41"}],"version-history":[{"count":9,"href":"https:\/\/menuiserie-ferreira.com\/index.php?rest_route=\/wp\/v2\/pages\/41\/revisions"}],"predecessor-version":[{"id":206,"href":"https:\/\/menuiserie-ferreira.com\/index.php?rest_route=\/wp\/v2\/pages\/41\/revisions\/206"}],"wp:attachment":[{"href":"https:\/\/menuiserie-ferreira.com\/index.php?rest_route=%2Fwp%2Fv2%2Fmedia&parent=41"}],"curies":[{"name":"wp","href":"https:\/\/api.w.org\/{rel}","templated":true}]}}